{"id":212,"date":"2018-06-07T19:53:09","date_gmt":"2018-06-07T23:53:09","guid":{"rendered":"https:\/\/paroissestmathieu.ca\/home\/"},"modified":"2026-03-19T14:21:10","modified_gmt":"2026-03-19T18:21:10","slug":"home","status":"publish","type":"page","link":"https:\/\/paroissestmathieu.ca\/en\/","title":{"rendered":"Home"},"content":{"rendered":"<div class=\"et_pb_section_0 et_pb_section et_section_regular et_block_section\"><div class=\"et_pb_row_0 et_pb_row et_block_row\"><div class=\"et_pb_column_0 et_pb_column et_pb_column_4_4 et-last-child et_block_column et_pb_css_mix_blend_mode_passthrough\"><div class=\"et_pb_cta_0 et_pb_promo et_pb_bg_layout_light et_animated et_pb_module et_block_module\"><div class=\"et_pb_promo_description\"><h1 class=\"et_pb_module_header\">Welcome to St-Mathieu Parish<\/h1><div class=\"et_pb_promo_content\"><p>The happiness of Jesus was to do the will of God, not to give up the desire to be fully oneself, but to be open to the action of God to bear the fruits of the Spirit. The deep desire for happiness that dwells in us is a desire for God. To do one's will is to give oneself the means to access the happiness that we aspire to. To find true happiness in God and in his word is to find our true identity.<\/p>\n<\/div><\/div><div class=\"et_pb_button_wrapper\"><a class=\"et_pb_button et_pb_promo_button\" target=\"_blank\" href=\"https:\/\/paroissestmathieu.ca\/donations\/faire-un-don\/\" data-icon=\"\ue089\" rel=\"noreferrer\">Donate Now<\/a><\/div><\/div><div class=\"et_pb_video_0 et_pb_video et_pb_module et_block_module\"><div class=\"et_pb_video_box\"><iframe loading=\"lazy\" title=\"Uploads from Paroisse St-Mathieu\" width=\"1080\" height=\"608\" src=\"https:\/\/www.youtube.com\/embed\/videoseries?list=UUZLbc1f3W5Jg0WP-rD9VhVg&amp;rel=0&amp;controls=1&enablejsapi=1\"  allow=\"accelerometer; autoplay; clipboard-write; encrypted-media; gyroscope; picture-in-picture; web-share\" referrerpolicy=\"strict-origin-when-cross-origin\" allowfullscreen><\/iframe><\/div><\/div><\/div><\/div><div class=\"et_pb_row_1 et_pb_row et_block_row\"><div class=\"et_pb_column_1 et_pb_column et_pb_column_4_4 et-last-child et_block_column et_pb_css_mix_blend_mode_passthrough\"><div class=\"et_pb_cta_1 et_pb_promo et_pb_bg_layout_light et_animated et_pb_module et_block_module\"><div class=\"et_pb_promo_description\"><h1 class=\"et_pb_module_header\">Welcome to St-Mathieu Parish<\/h1><div class=\"et_pb_promo_content\"><p>The happiness of Jesus was to do the will of God, not to give up the desire to be fully oneself, but to be open to the action of God to bear the fruits of the Spirit. The deep desire for happiness that dwells in us is a desire for God. To do one's will is to give oneself the means to access the happiness that we aspire to. To find true happiness in God and in his word is to find our true identity.<\/p>\n<\/div><\/div><div class=\"et_pb_button_wrapper\"><a class=\"et_pb_button et_pb_promo_button\" target=\"_blank\" href=\"https:\/\/paroissestmathieu.ca\/donations\/faire-un-don\/\" data-icon=\"\ue089\" rel=\"noreferrer\">Donate Now<\/a><\/div><\/div><\/div><\/div><\/div><div class=\"et_pb_section_1 et_pb_section et_section_regular et_block_section\" id=\"priest\"><div class=\"et_pb_row_2 et_pb_row et_pb_equal_columns et_pb_gutters1 et_block_row et_pb_row_fullwidth\"><div class=\"et_pb_column_2 et_pb_column et_pb_column_1_2 et_block_column et_pb_css_mix_blend_mode_passthrough\"><div class=\"et_pb_text_0 et_pb_text et_pb_bg_layout_dark et_pb_module et_block_module\"><div class=\"et_pb_text_inner\"><h2>Hello to all<\/h2>\n<p><\/p>\n<p>In office since August 1, 2017, Father Joseph Lin Eveillard is pastor of St-Mathieu de Hammond, Ste-F\u00e9licit\u00e9 de Clarence Creek, Sacr\u00e9-C\u0153ur de Bourget and St-Pascal-Baylon parishes. His parish of residence is St-Mathieu de Hammond.<\/p>\n<\/div><\/div><div class=\"et_pb_text_1 et_pb_text et_pb_bg_layout_dark et_pb_module et_block_module et_pb_text_align_center\"><div class=\"et_pb_text_inner\"><h2>Hello to all<\/h2>\n<p><\/p>\n<p>In office since August 1, 2017, Father Joseph Lin Eveillard is pastor of St-Mathieu de Hammond, Ste-F\u00e9licit\u00e9 de Clarence Creek, Sacr\u00e9-C\u0153ur de Bourget and St-Pascal-Baylon parishes. His parish of residence is St-Mathieu de Hammond.<\/p>\n<\/div><\/div><div class=\"et_pb_module et_pb_button_module_wrapper et_pb_button_2_wrapper\"><a class=\"et_pb_button_2 et_pb_button et_pb_bg_layout_light et_pb_module et_block_module\" href=\"mailto:paroissestmathieu1912@gmail.com\" data-icon=\"\ue010\">paroissestmathieu1912@gmail.com<\/a><\/div><div class=\"et_pb_text_2 et_pb_text et_pb_bg_layout_dark et_pb_module et_block_module\"><div class=\"et_pb_text_inner\"><p><span style=\"color: #81c28e;\"><strong>or by phone at 613-487-2338<\/strong><\/span><\/p>\n<p><\/p>\n<p>3120 Gendron Road, Box 10, Hammond, Ontario K0A 2A0 The office is now behind the church.<\/p>\n<p><\/p>\n<p>Office hours:<br \/>Tuesday 9 a.m. to 12 p.m.<br \/>Wednesday 10:30 a.m. to 2:30 p.m.<br \/>Thursday 9 a.m. to 12 p.m.<\/p>\n<p><\/p>\n<p>Sunday mass is at 9 a.m.<br \/>Mass every Thursday at 6:30 p.m.<\/p>\n<\/div><\/div><div class=\"et_pb_text_3 et_pb_text et_pb_bg_layout_dark et_pb_module et_block_module et_pb_text_align_center\"><div class=\"et_pb_text_inner\"><p><span style=\"color: #81c28e;\"><strong>or by telephone at 613-487-2338<\/strong><\/span><\/p>\n<p><\/p>\n<p>3120 Gendron Road, P.C. 10, Hammond, Ontario K0A 2A0. The office is now behind the church.<\/p>\n<p><\/p>\n<p>Office hours: Tuesday, Wednesday and Thursday 9:00 am to noon<\/p>\n<p><\/p>\n<p>Sunday mass is at 9 a.m.<br \/>Mass every Thursday at 6.30 p.m.<\/p>\n<\/div><\/div><\/div><div class=\"et_pb_column_3 et_pb_column et_pb_column_1_2 et-last-child et_block_column et_pb_css_mix_blend_mode_passthrough\"><div class=\"et_pb_image_0 et_pb_image et_animated et_pb_module et_block_module\"><span class=\"et_pb_image_wrap\"><img loading=\"lazy\" decoding=\"async\" src=\"https:\/\/paroissestmathieu.ca\/wp-content\/uploads\/2018\/07\/Joseph-photo-squashed.jpg\" width=\"900\" height=\"1200\" srcset=\"https:\/\/paroissestmathieu.ca\/wp-content\/uploads\/2018\/07\/Joseph-photo-squashed.jpg 900w, https:\/\/paroissestmathieu.ca\/wp-content\/uploads\/2018\/07\/Joseph-photo-squashed-225x300.jpg 225w, https:\/\/paroissestmathieu.ca\/wp-content\/uploads\/2018\/07\/Joseph-photo-squashed-768x1024.jpg 768w\" sizes=\"(max-width: 900px) 100vw, 900px\" class=\"wp-image-518\" \/><\/span><\/div><\/div><\/div><\/div><div class=\"et_pb_section_2 et_pb_section et_section_regular et_block_section\"><div class=\"et_pb_row_3 et_pb_row et_block_row et_pb_row_fullwidth\"><div class=\"et_pb_column_4 et_pb_column et_pb_column_1_2 et_block_column et_pb_css_mix_blend_mode_passthrough\"><div class=\"et_pb_image_1 et_pb_image et_pb_module et_block_module\"><span class=\"et_pb_image_wrap\"><img loading=\"lazy\" decoding=\"async\" src=\"https:\/\/paroissestmathieu.ca\/wp-content\/uploads\/2019\/10\/feuillet_cover_rev.jpg\" width=\"512\" height=\"622\" srcset=\"https:\/\/paroissestmathieu.ca\/wp-content\/uploads\/2019\/10\/feuillet_cover_rev.jpg 512w, https:\/\/paroissestmathieu.ca\/wp-content\/uploads\/2019\/10\/feuillet_cover_rev-480x583.jpg 480w\" sizes=\"(min-width: 0px) and (max-width: 480px) 480px, (min-width: 481px) 512px, 100vw\" class=\"wp-image-1944\" \/><\/span><\/div><\/div><div class=\"et_pb_column_5 et_pb_column et_pb_column_1_2 et-last-child et_block_column et_pb_css_mix_blend_mode_passthrough\"><div class=\"et_pb_blog_0 et_pb_blog et_pb_bg_layout_light et_pb_posts et_pb_module\"><div class=\"et_pb_ajax_pagination_container\"><div class=\"et_pb_posts et_grid_module\"><article class=\"et_pb_post et_pb_post_id_4681 clearfix et_pb_blog_item_0_0 post-4681 post type-post status-publish format-standard has-post-thumbnail hentry category-notre-feuillet-regional\"><h2 class=\"entry-title\"><a href=\"https:\/\/paroissestmathieu.ca\/en\/april-19-and-26-2026\/\">April 19 and 26, 2026<\/a><\/h2><p class=\"post-meta\"><\/p><div class=\"post-content\"><div class=\"post-content-inner\"><p>Read this week&#8217;s leaflet.<\/p>\n<\/div><\/div><\/article><\/div><\/div><\/div><div class=\"et_pb_module et_pb_button_module_wrapper et_pb_button_3_wrapper\"><a class=\"et_pb_button_3 et_pb_button et_pb_bg_layout_light et_pb_module et_block_module\" href=\"https:\/\/paroissestmathieu.ca\/en\/regional-leaflet\/\" data-icon=\"\ue056\">Access previous leaflets<\/a><\/div><\/div><\/div><\/div><div class=\"et_pb_section_3 et_pb_section et_section_regular et_block_section\" id=\"administration\"><div class=\"et_pb_row_4 et_pb_row et_block_row\"><div class=\"et_pb_column_6 et_pb_column et_pb_column_4_4 et-last-child et_block_column et_pb_css_mix_blend_mode_passthrough\"><div class=\"et_pb_text_4 et_pb_text et_pb_bg_layout_light et_pb_module et_block_module et_pb_text_align_right et_pb_text_align_center-phone\"><div class=\"et_pb_text_inner\"><h2>Parish committees<\/h2>\n<p><\/p>\n<p>To join one of the committees, please contact the person indicated.<\/p>\n<\/div><\/div><\/div><\/div><div class=\"et_pb_row_5 et_pb_row et_block_row\"><div class=\"et_pb_column_7 et_pb_column et_pb_column_1_2 et_block_column et_pb_css_mix_blend_mode_passthrough\"><div class=\"et_pb_text_5 et_pb_text et_pb_bg_layout_light et_pb_module et_block_module et_pb_text_align_right et_pb_text_align_center-phone\"><div class=\"et_pb_text_inner\"><p><strong>St-Mathieu Cemetery<\/strong><br \/>Francine Gendron, 613-487-2081<\/p>\n<p><\/p>\n<p><strong>Christian Ladies of St-Mathieu<\/strong><br \/>Armande Leduc, 613-487-2618<\/p>\n<p><\/p>\n<p><strong>St-Mathieu Parish \u2014 Loto<\/strong><br \/>Denise Besserer, 613-800-2026<\/p>\n<p><\/p>\n<p><strong>St-Vincent-de-Paul St-Mathieu de Hammond<br \/><\/strong>Lyne Campeau, 613-487-2338<\/p>\n<\/div><\/div><\/div><div class=\"et_pb_column_8 et_pb_column et_pb_column_1_2 et-last-child et_block_column et_pb_css_mix_blend_mode_passthrough\"><div class=\"et_pb_text_6 et_pb_text et_pb_bg_layout_light et_pb_module et_block_module et_pb_text_align_right et_pb_text_align_center-phone\"><div class=\"et_pb_text_inner\"><p><strong>Temporal Affairs Committee<\/strong><br \/>Mr. Ga\u00ebtan Cuerrier, President<br \/>Sylvie Bissonnette, Treasurer<br \/>Denise Besserer, Secretary<br \/>Robert Hup\u00e9, Advisor<br \/>Michel Levert, Advisor<br \/>Lyne Campeau<\/p>\n<p><\/p>\n<p>Pastoral Committee<br \/>Denise Besserer<br \/>Marcel Legault<br \/>Gilles Drouin<br \/>Jos\u00e9e Drouin<br \/>Carole Decostes<\/p>\n<\/div><\/div><\/div><\/div><\/div><div class=\"et_pb_section_4 et_pb_section et_section_regular et_block_section\" id=\"organisms\"><div class=\"et_pb_row_6 et_pb_row et_block_row\"><div class=\"et_pb_column_9 et_pb_column et_pb_column_4_4 et-last-child et_block_column et_pb_css_mix_blend_mode_passthrough\"><div class=\"et_pb_text_7 et_pb_text et_pb_bg_layout_light et_pb_module et_block_module et_pb_text_align_center\"><div class=\"et_pb_text_inner\"><h2>Organizations<\/h2>\n<p><\/p>\n<p>To join one of the organizations, please contact the person indicated.<\/p>\n<\/div><\/div><\/div><\/div><div class=\"et_pb_row_7 et_pb_row et_pb_row_4col et_block_row et_block_row_4col\"><div class=\"et_pb_column_10 et_pb_column et_pb_column_1_4 et_block_column et_pb_css_mix_blend_mode_passthrough\"><div class=\"et_pb_blurb_0 et_pb_blurb et_pb_bg_layout_light et_pb_blurb_position_top et_pb_module et_block_module\"><div class=\"et_pb_blurb_content\"><div class=\"et_pb_main_blurb_image\"><span class=\"et_pb_image_wrap et_pb_only_image_mode_wrap\"><img loading=\"lazy\" decoding=\"async\" src=\"https:\/\/paroissestmathieu.ca\/wp-content\/uploads\/2018\/06\/organisme_chevaliers_colomb-squashed.jpg\" width=\"128\" height=\"128\" srcset=\"https:\/\/paroissestmathieu.ca\/wp-content\/uploads\/2018\/06\/organisme_chevaliers_colomb-squashed.jpg 128w\" sizes=\"(max-width: 128px) 100vw, 128px\" class=\"wp-image-54\" \/><\/span><\/div><div class=\"et_pb_blurb_container\"><h4 class=\"et_pb_module_header\">Cheney-Hammond Knights of Columbus<\/h4><div class=\"et_pb_blurb_description\"><p>Maurice Gendron<\/p>\n<\/div><\/div><\/div><\/div><\/div><div class=\"et_pb_column_11 et_pb_column et_pb_column_1_4 et_block_column et_pb_css_mix_blend_mode_passthrough\"><div class=\"et_pb_blurb_1 et_pb_blurb et_pb_bg_layout_light et_pb_blurb_position_top et_pb_module et_block_module\"><div class=\"et_pb_blurb_content\"><div class=\"et_pb_main_blurb_image\"><span class=\"et_pb_image_wrap et_pb_only_image_mode_wrap\"><img loading=\"lazy\" decoding=\"async\" src=\"https:\/\/paroissestmathieu.ca\/wp-content\/uploads\/2018\/06\/organisme_optimiste-squashed.jpg\" width=\"128\" height=\"128\" srcset=\"https:\/\/paroissestmathieu.ca\/wp-content\/uploads\/2018\/06\/organisme_optimiste-squashed.jpg 128w\" sizes=\"(max-width: 128px) 100vw, 128px\" class=\"wp-image-56\" \/><\/span><\/div><div class=\"et_pb_blurb_container\"><h4 class=\"et_pb_module_header\">Hammond Optimist Club<\/h4><div class=\"et_pb_blurb_description\"><p>John Rozon Daniel Bri\u00e8re 613-488-3087 (in October)<\/p>\n<\/div><\/div><\/div><\/div><\/div><div class=\"et_pb_column_12 et_pb_column et_pb_column_1_4 et_block_column et_pb_css_mix_blend_mode_passthrough\"><div class=\"et_pb_blurb_2 et_pb_blurb et_pb_bg_layout_light et_pb_blurb_position_top et_pb_module et_block_module\"><div class=\"et_pb_blurb_content\"><div class=\"et_pb_main_blurb_image\"><span class=\"et_pb_image_wrap et_pb_only_image_mode_wrap\"><img loading=\"lazy\" decoding=\"async\" src=\"https:\/\/paroissestmathieu.ca\/wp-content\/uploads\/2018\/06\/organisme_scouts-squashed.jpg\" width=\"128\" height=\"128\" srcset=\"https:\/\/paroissestmathieu.ca\/wp-content\/uploads\/2018\/06\/organisme_scouts-squashed.jpg 128w\" sizes=\"(max-width: 128px) 100vw, 128px\" class=\"wp-image-57\" \/><\/span><\/div><div class=\"et_pb_blurb_container\"><h4 class=\"et_pb_module_header\">Scout Movement<\/h4><div class=\"et_pb_blurb_description\"><p>Ga\u00ebtan Cuerrier<br \/>613-914-2229<\/p>\n<\/div><\/div><\/div><\/div><\/div><div class=\"et_pb_column_13 et_pb_column et_pb_column_1_4 et-last-child et_block_column et_pb_css_mix_blend_mode_passthrough\"><div class=\"et_pb_blurb_3 et_pb_blurb et_pb_bg_layout_light et_pb_blurb_position_top et_pb_module et_block_module\"><div class=\"et_pb_blurb_content\"><div class=\"et_pb_main_blurb_image\"><span class=\"et_pb_image_wrap et_pb_only_image_mode_wrap\"><img loading=\"lazy\" decoding=\"async\" src=\"https:\/\/paroissestmathieu.ca\/wp-content\/uploads\/2018\/06\/organisme_ecole_stmathieu-squashed.jpg\" width=\"128\" height=\"128\" srcset=\"https:\/\/paroissestmathieu.ca\/wp-content\/uploads\/2018\/06\/organisme_ecole_stmathieu-squashed.jpg 128w\" sizes=\"(max-width: 128px) 100vw, 128px\" class=\"wp-image-55\" \/><\/span><\/div><div class=\"et_pb_blurb_container\"><h4 class=\"et_pb_module_header\">St-Mathieu Daycare<\/h4><div class=\"et_pb_blurb_description\"><p>Anne Morris Bouchard, Manager 613-446-5853 Educatrices 613-487-1818<\/p>\n<\/div><\/div><\/div><\/div><\/div><\/div><div class=\"et_pb_row_8 et_pb_row et_block_row\"><div class=\"et_pb_column_14 et_pb_column et_pb_column_4_4 et-last-child et_block_column et_pb_css_mix_blend_mode_passthrough\"><div class=\"et_pb_divider_0 et_pb_divider et_pb_space et_pb_divider_position_top et_pb_module\"><div class=\"et_pb_divider_internal\"><\/div><\/div><\/div><\/div><div class=\"et_pb_row_9 et_pb_row et_pb_row_4col et_block_row et_block_row_4col\"><div class=\"et_pb_column_15 et_pb_column et_pb_column_1_4 et_block_column et_pb_css_mix_blend_mode_passthrough\"><div class=\"et_pb_blurb_4 et_pb_blurb et_pb_bg_layout_light et_pb_blurb_position_top et_pb_module et_block_module\"><div class=\"et_pb_blurb_content\"><div class=\"et_pb_blurb_container\"><h4 class=\"et_pb_module_header\">Cheney Recreation Committee<\/h4><div class=\"et_pb_blurb_description\"><p>&nbsp;<\/p>\n<\/div><\/div><\/div><\/div><\/div><div class=\"et_pb_column_16 et_pb_column et_pb_column_1_4 et_block_column et_pb_css_mix_blend_mode_passthrough\"><div class=\"et_pb_blurb_5 et_pb_blurb et_pb_bg_layout_light et_pb_blurb_position_top et_pb_module et_block_module\"><div class=\"et_pb_blurb_content\"><div class=\"et_pb_blurb_container\"><h4 class=\"et_pb_module_header\">Hammond-Cheney Recreation Park<\/h4><div class=\"et_pb_blurb_description\"><p>Jean-Claude Lavigne 613-487-2958<\/p>\n<\/div><\/div><\/div><\/div><\/div><div class=\"et_pb_column_17 et_pb_column et_pb_column_1_4 et_block_column et_pb_css_mix_blend_mode_passthrough\"><div class=\"et_pb_blurb_6 et_pb_blurb et_pb_bg_layout_light et_pb_blurb_position_top et_pb_module et_block_module\"><div class=\"et_pb_blurb_content\"><div class=\"et_pb_blurb_container\"><h4 class=\"et_pb_module_header\">Alphonse Carri\u00e8re Centre<\/h4><div class=\"et_pb_blurb_description\"><p>Martine Pigeon 613-446-6022 \u00a0ext. \u00a02237<\/p>\n<\/div><\/div><\/div><\/div><\/div><div class=\"et_pb_column_18 et_pb_column et_pb_column_1_4 et-last-child et_block_column et_pb_css_mix_blend_mode_passthrough\"><div class=\"et_pb_blurb_7 et_pb_blurb et_pb_bg_layout_light et_pb_blurb_position_top et_pb_module et_block_module\"><div class=\"et_pb_blurb_content\"><div class=\"et_pb_blurb_container\"><h4 class=\"et_pb_module_header\">Key agent and janitor<\/h4><div class=\"et_pb_blurb_description\"><p>Michel Richard 819-743-8415<\/p>\n<\/div><\/div><\/div><\/div><\/div><\/div><\/div><div class=\"et_pb_section_5 et_pb_section et_section_regular et_block_section\" id=\"institutions\"><div class=\"et_pb_row_10 et_pb_row et_block_row\"><div class=\"et_pb_column_19 et_pb_column et_pb_column_4_4 et-last-child et_block_column et_pb_css_mix_blend_mode_passthrough\"><div class=\"et_pb_text_8 et_pb_text et_pb_bg_layout_light et_pb_module et_block_module et_pb_text_align_right et_pb_text_align_center-phone\"><div class=\"et_pb_text_inner\"><h2>Institutions<\/h2>\n<p><\/p>\n<p>To join one of the institutions, please contact the person indicated.<\/p>\n<\/div><\/div><\/div><\/div><div class=\"et_pb_row_11 et_pb_row et_block_row\"><div class=\"et_pb_column_20 et_pb_column et_pb_column_1_2 et_block_column et_pb_css_mix_blend_mode_passthrough\"><div class=\"et_pb_text_9 et_pb_text et_pb_bg_layout_light et_pb_module et_block_module et_pb_text_align_right et_pb_text_align_center-phone\"><div class=\"et_pb_text_inner\"><p><strong>St-Mathieu school council<\/strong><br \/>Val\u00e9rie Sabourin, President<br \/>306-830-5741<\/p>\n<p><\/p>\n<p><strong>Pope John Paul II Catholic School<\/strong><br \/>Mr. Robert Hannigan, Principal<br \/>613-487-3075<\/p>\n<p><\/p>\n<p><strong>St. Francis Xavier Catholic School<\/strong><br \/>Mr. Danny Conway, Principal<br \/>613-487-2913<\/p>\n<p><\/p>\n<p><strong>R\u00e9sidence St- Mathieu<\/strong><br \/>3140 Gendron Rd Hammond, ON K0A 2A0,<br \/>Nicole Normand, 613-487-9422<br \/>Site web: <a href=\"https:\/\/www.residencestmathieu.com\/\" target=\"_blank\" rel=\"noopener noreferrer\">www.residencestmathieu.com<\/a><\/p>\n<\/div><\/div><\/div><div class=\"et_pb_column_21 et_pb_column et_pb_column_1_2 et-last-child et_block_column et_pb_css_mix_blend_mode_passthrough\"><div class=\"et_pb_text_10 et_pb_text et_pb_bg_layout_light et_pb_module et_block_module et_pb_text_align_right et_pb_text_align_center-phone\"><div class=\"et_pb_text_inner\"><p>St-Mathieu Catholic Elementary School Ms. Chantal Beaudry, Principal 613-487-2404 Website: saint-mathieu.csdceo.ca St-Mathieu Daycare 3155 Gendron, Hammond, ON K0A 2A0 (613) 487-1818 Anne Morris Bouchard, Manager 613-446-5853 Educators 613-487-1818 Caisse Populaire Trillium Center de Service Hammond 613-487-2073<\/p>\n<\/div><\/div><\/div><\/div><\/div>","protected":false},"excerpt":{"rendered":"","protected":false},"author":1,"featured_media":0,"parent":0,"menu_order":0,"comment_status":"closed","ping_status":"open","template":"","meta":{"give_campaign_id":0,"_monsterinsights_skip_tracking":false,"_monsterinsights_sitenote_active":false,"_monsterinsights_sitenote_note":"","_monsterinsights_sitenote_category":0,"footnotes":""},"class_list":["post-212","page","type-page","status-publish","hentry"],"aioseo_notices":[],"campaignId":"","_links":{"self":[{"href":"https:\/\/paroissestmathieu.ca\/en\/wp-json\/wp\/v2\/pages\/212","targetHints":{"allow":["GET"]}}],"collection":[{"href":"https:\/\/paroissestmathieu.ca\/en\/wp-json\/wp\/v2\/pages"}],"about":[{"href":"https:\/\/paroissestmathieu.ca\/en\/wp-json\/wp\/v2\/types\/page"}],"author":[{"embeddable":true,"href":"https:\/\/paroissestmathieu.ca\/en\/wp-json\/wp\/v2\/users\/1"}],"replies":[{"embeddable":true,"href":"https:\/\/paroissestmathieu.ca\/en\/wp-json\/wp\/v2\/comments?post=212"}],"version-history":[{"count":14,"href":"https:\/\/paroissestmathieu.ca\/en\/wp-json\/wp\/v2\/pages\/212\/revisions"}],"predecessor-version":[{"id":4631,"href":"https:\/\/paroissestmathieu.ca\/en\/wp-json\/wp\/v2\/pages\/212\/revisions\/4631"}],"wp:attachment":[{"href":"https:\/\/paroissestmathieu.ca\/en\/wp-json\/wp\/v2\/media?parent=212"}],"curies":[{"name":"wp","href":"https:\/\/api.w.org\/{rel}","templated":true}]}}